{"id":147233,"date":"2023-10-17T13:46:41","date_gmt":"2023-10-17T13:46:41","guid":{"rendered":"https:\/\/dev.netx.si\/stranica-za-odrzavanje-6\/"},"modified":"2026-03-31T10:49:51","modified_gmt":"2026-03-31T10:49:51","slug":"stranica-za-odrzavanje-6","status":"publish","type":"page","link":"https:\/\/dev.netx.si\/hr\/","title":{"rendered":"Domov"},"content":{"rendered":"<div class=\"wpb-content-wrapper\"><p>[vc_row row_height_percent=&#8221;90&#8243; back_image=&#8221;142293&#8243; overlay_color=&#8221;color-crna&#8221; overlay_alpha=&#8221;40&#8243; gutter_size=&#8221;3&#8243; column_width_percent=&#8221;100&#8243; shift_y=&#8221;0&#8243; z_index=&#8221;0&#8243; uncode_shortcode_id=&#8221;932334&#8243; overlay_color_type=&#8221;uncode-palette&#8221; el_class=&#8221;hp-down-ikona-slider-parent&#8221;][vc_column column_width_percent=&#8221;100&#8243; position_horizontal=&#8221;left&#8221; position_vertical=&#8221;middle&#8221; gutter_size=&#8221;3&#8243; overlay_alpha=&#8221;50&#8243; shift_x=&#8221;0&#8243; shift_y=&#8221;0&#8243; shift_y_down=&#8221;0&#8243; z_index=&#8221;0&#8243; medium_width=&#8221;0&#8243; mobile_width=&#8221;0&#8243; width=&#8221;1\/1&#8243; uncode_shortcode_id=&#8221;126534&#8243;][vc_custom_heading text_color=&#8221;color-bela&#8221; heading_semantic=&#8221;h1&#8243; text_size=&#8221;fontsize-108942&#8243; text_weight=&#8221;900&#8243; text_transform=&#8221;uppercase&#8221; css_animation=&#8221;alpha-anim&#8221; animation_speed=&#8221;500&#8243; animation_delay=&#8221;500&#8243; uncode_shortcode_id=&#8221;182546&#8243; text_color_type=&#8221;uncode-palette&#8221;]Pobolj\u0161ajte<br \/>\nsvoje procese[\/vc_custom_heading][vc_custom_heading text_color=&#8221;color-bela&#8221; heading_semantic=&#8221;p&#8221; text_font=&#8221;font-958743&#8243; text_size=&#8221;fontsize-341519&#8243; text_weight=&#8221;400&#8243; css_animation=&#8221;single-curtain&#8221; animation_speed=&#8221;500&#8243; animation_delay=&#8221;500&#8243; uncode_shortcode_id=&#8221;198484&#8243; text_color_type=&#8221;uncode-palette&#8221; el_class=&#8221;header-main-naslov-podnaslov&#8221;]Metronik je vode\u0107i pru\u017eatelj inovativnih rje\u0161enja za automatizaciju i digitalizaciju za proizvodnju u podru\u010dju prirodnih znanosti, industriju, pametne zgrade i infrastrukturu u \u0161iroj europskoj regiji.[\/vc_custom_heading][vc_icon icon_image=&#8221;11885&#8243; icon_color=&#8221;color-bela&#8221; media_size=&#8221;80&#8243; css_animation=&#8221;bottom-t-top&#8221; animation_speed=&#8221;1000&#8243; animation_delay=&#8221;500&#8243; uncode_shortcode_id=&#8221;103719&#8243; icon_color_type=&#8221;uncode-palette&#8221;][\/vc_icon][\/vc_column][\/vc_row][vc_row][vc_column width=&#8221;1\/1&#8243;][uncode_block id=&#8221;146660&#8243;][\/vc_column][\/vc_row][vc_row][vc_column column_width_percent=&#8221;95&#8243; position_vertical=&#8221;middle&#8221; align_horizontal=&#8221;align_center&#8221; gutter_size=&#8221;3&#8243; overlay_alpha=&#8221;50&#8243; shift_x=&#8221;0&#8243; shift_y=&#8221;0&#8243; shift_y_down=&#8221;0&#8243; z_index=&#8221;0&#8243; medium_width=&#8221;0&#8243; mobile_width=&#8221;0&#8243; width=&#8221;1\/1&#8243; uncode_shortcode_id=&#8221;201225&#8243;][vc_custom_heading heading_semantic=&#8221;p&#8221; text_font=&#8221;font-958743&#8243; text_size=&#8221;fontsize-456963&#8243; text_weight=&#8221;400&#8243; text_height=&#8221;fontheight-474619&#8243; css_animation=&#8221;alpha-anim&#8221; animation_speed=&#8221;500&#8243; uncode_shortcode_id=&#8221;194335&#8243; el_class=&#8221;hp-big-tekst&#8221;]S opse\u017enim znanjem i preko 30 godina iskustva, poma\u017eemo vam pove\u0107ati produktivnost, smanjiti tro\u0161kove, pobolj\u0161ati kvalitetu i sigurnost proizvoda te osigurati sljedivost i uskla\u0111enost s propisima. To \u010dinimo suradnjom s vode\u0107im svjetskim proizvo\u0111a\u010dima u podru\u010djima automatizacije i digitalizacije, kao i putem vlastitih internih rje\u0161enja.[\/vc_custom_heading][\/vc_column][\/vc_row][vc_row unlock_row_content=&#8221;yes&#8221; row_height_percent=&#8221;30&#8243; overlay_alpha=&#8221;50&#8243; equal_height=&#8221;yes&#8221; gutter_size=&#8221;3&#8243; column_width_percent=&#8221;100&#8243; shift_y=&#8221;0&#8243; z_index=&#8221;0&#8243; uncode_shortcode_id=&#8221;163345&#8243;][vc_column column_width_percent=&#8221;70&#8243; gutter_size=&#8221;3&#8243; back_color=&#8221;color-103838&#8243; overlay_alpha=&#8221;50&#8243; shift_x=&#8221;0&#8243; shift_y=&#8221;0&#8243; shift_y_down=&#8221;0&#8243; z_index=&#8221;0&#8243; medium_width=&#8221;0&#8243; mobile_width=&#8221;0&#8243; width=&#8221;1\/3&#8243; uncode_shortcode_id=&#8221;306726&#8243; back_color_type=&#8221;uncode-palette&#8221;][uncode_counter value=&#8221;35&#8243; counter_color=&#8221;color-105597&#8243; text=&#8221;Godine iskustva&#8221; uncode_shortcode_id=&#8221;931406&#8243; suffix=&#8221;+&#8221; el_class=&#8221;hp-counter&#8221; counter_color_type=&#8221;uncode-palette&#8221;][vc_column_text uncode_shortcode_id=&#8221;183075&#8243; el_class=&#8221;counter-text-opis&#8221;]Vi\u0161e od tri desetlje\u0107a unapre\u0111ujemo poslovanje na\u0161ih klijenata vrhunskim rje\u0161enjima i uslugama.[\/vc_column_text][\/vc_column][vc_column column_width_percent=&#8221;70&#8243; gutter_size=&#8221;3&#8243; back_color=&#8221;color-103838&#8243; overlay_alpha=&#8221;50&#8243; shift_x=&#8221;0&#8243; shift_y=&#8221;0&#8243; shift_y_down=&#8221;0&#8243; z_index=&#8221;0&#8243; medium_width=&#8221;0&#8243; mobile_width=&#8221;0&#8243; width=&#8221;1\/3&#8243; uncode_shortcode_id=&#8221;106094&#8243; back_color_type=&#8221;uncode-palette&#8221; el_class=&#8221;counter-box-zunanji&#8221;][uncode_counter value=&#8221;180&#8243; counter_color=&#8221;color-105597&#8243; text=&#8221;Zaposlenici&#8221; uncode_shortcode_id=&#8221;449421&#8243; suffix=&#8221;+&#8221; el_class=&#8221;hp-counter&#8221; counter_color_type=&#8221;uncode-palette&#8221;][vc_column_text uncode_shortcode_id=&#8221;694973&#8243; el_class=&#8221;counter-text-opis&#8221;]Zapo\u0161ljavamo vi\u0161e od 180 iskusnih tehni\u010dkih stru\u010dnjaka u tri zemlje.[\/vc_column_text][\/vc_column][vc_column column_width_percent=&#8221;70&#8243; gutter_size=&#8221;3&#8243; back_color=&#8221;color-103838&#8243; overlay_alpha=&#8221;50&#8243; shift_x=&#8221;0&#8243; shift_y=&#8221;0&#8243; shift_y_down=&#8221;0&#8243; z_index=&#8221;0&#8243; medium_width=&#8221;0&#8243; mobile_width=&#8221;0&#8243; width=&#8221;1\/3&#8243; uncode_shortcode_id=&#8221;123237&#8243; back_color_type=&#8221;uncode-palette&#8221;][uncode_counter value=&#8221;26&#8243; counter_color=&#8221;color-105597&#8243; text=&#8221;Zemlje&#8221; uncode_shortcode_id=&#8221;861743&#8243; suffix=&#8221;+&#8221; el_class=&#8221;hp-counter&#8221; counter_color_type=&#8221;uncode-palette&#8221;][vc_column_text uncode_shortcode_id=&#8221;538580&#8243; el_class=&#8221;counter-text-opis&#8221;]Na\u0161a rje\u0161enja prisutna su u brojnim zemljama diljem Europe.[\/vc_column_text][\/vc_column][\/vc_row][vc_row unlock_row_content=&#8221;yes&#8221; row_height_percent=&#8221;10&#8243; override_padding=&#8221;yes&#8221; h_padding=&#8221;0&#8243; top_padding=&#8221;2&#8243; bottom_padding=&#8221;3&#8243; overlay_alpha=&#8221;100&#8243; gutter_size=&#8221;100&#8243; column_width_percent=&#8221;100&#8243; shift_y=&#8221;0&#8243; z_index=&#8221;0&#8243; style=&#8221;inherited&#8221; uncode_shortcode_id=&#8221;119323&#8243;][vc_column column_width_percent=&#8221;100&#8243; position_vertical=&#8221;middle&#8221; align_horizontal=&#8221;align_center&#8221; gutter_size=&#8221;3&#8243; override_padding=&#8221;yes&#8221; column_padding=&#8221;0&#8243; overlay_alpha=&#8221;100&#8243; shift_x=&#8221;0&#8243; shift_y=&#8221;0&#8243; shift_y_down=&#8221;0&#8243; z_index=&#8221;0&#8243; medium_width=&#8221;0&#8243; mobile_width=&#8221;0&#8243; zoom_width=&#8221;0&#8243; zoom_height=&#8221;0&#8243; width=&#8221;1\/1&#8243; uncode_shortcode_id=&#8221;134046&#8243;][vc_gallery el_id=&#8221;gallery-565644378&#8243; type=&#8221;carousel&#8221; medias=&#8221;147145,147146,147147,147149,147148,147150,147151,147152,147153,147154,147155,147156,147157,147158,147159,147160,147161,147162,147163,147164,147165,147166,147167,147168,147169,147170,147171,147172,147173,147174,147175&#8243; carousel_lg=&#8221;1&#8243; carousel_md=&#8221;1&#8243; carousel_sm=&#8221;1&#8243; gutter_size=&#8221;3&#8243; inner_padding=&#8221;yes&#8221; media_items=&#8221;media|nolink|original&#8221; carousel_height=&#8221;equal&#8221; carousel_autoh=&#8221;yes&#8221; carousel_interval=&#8221;3000&#8243; carousel_navspeed=&#8221;200&#8243; carousel_loop=&#8221;yes&#8221; stage_padding=&#8221;75&#8243; single_style=&#8221;dark&#8221; single_overlay_opacity=&#8221;50&#8243; single_overlay_anim=&#8221;no&#8221; single_text_anim=&#8221;no&#8221; single_image_anim=&#8221;no&#8221; single_h_align=&#8221;center&#8221; single_padding=&#8221;2&#8243; single_title_dimension=&#8221;h5&#8243; single_border=&#8221;yes&#8221; no_double_tap=&#8221;yes&#8221; carousel_rtl=&#8221;&#8221; single_half_padding=&#8221;&#8221; single_title_uppercase=&#8221;&#8221; single_title_bold=&#8221;&#8221; single_title_serif=&#8221;&#8221; single_no_background=&#8221;&#8221; carousel_twitter=&#8221;yes&#8221; uncode_shortcode_id=&#8221;155623&#8243; el_class=&#8221;hp-div-reference-logotipi&#8221;][\/vc_column][\/vc_row][vc_row unlock_row_content=&#8221;yes&#8221; row_height_percent=&#8221;0&#8243; override_padding=&#8221;yes&#8221; h_padding=&#8221;0&#8243; top_padding=&#8221;0&#8243; bottom_padding=&#8221;0&#8243; overlay_alpha=&#8221;50&#8243; equal_height=&#8221;yes&#8221; gutter_size=&#8221;0&#8243; column_width_percent=&#8221;100&#8243; shift_y=&#8221;0&#8243; z_index=&#8221;0&#8243; el_class=&#8221;inverted-device-order&#8221; uncode_shortcode_id=&#8221;280436&#8243;][vc_column column_width_use_pixel=&#8221;yes&#8221; gutter_size=&#8221;3&#8243; override_padding=&#8221;yes&#8221; column_padding=&#8221;5&#8243; back_color=&#8221;color-105597&#8243; overlay_alpha=&#8221;50&#8243; overlay_animated=&#8221;yes&#8221; overlay_animated_1_color=&#8221;color-161312&#8243; shift_x=&#8221;0&#8243; shift_y=&#8221;0&#8243; shift_y_down=&#8221;0&#8243; z_index=&#8221;0&#8243; medium_width=&#8221;0&#8243; mobile_width=&#8221;0&#8243; width=&#8221;1\/3&#8243; column_width_pixel=&#8221;528&#8243; uncode_shortcode_id=&#8221;100772&#8243; back_color_type=&#8221;uncode-palette&#8221; link_to=&#8221;url:https%3A%2F%2Fdev.netx.si%2Fhr%2Fo-metroniku%2Fstranica-za-odrzavanje%2F|title:Zaposlitev|&#8221; overlay_animated_1_color_type=&#8221;uncode-palette&#8221;][vc_single_image media=&#8221;147235&#8243; media_width_use_pixel=&#8221;yes&#8221; css_animation=&#8221;right-t-left&#8221; animation_speed=&#8221;500&#8243; animation_delay=&#8221;500&#8243; custom_cursor=&#8221;light&#8221; uncode_shortcode_id=&#8221;162111&#8243; media_width_pixel=&#8221;75&#8243;][vc_custom_heading text_color=&#8221;color-bela&#8221; heading_semantic=&#8221;h4&#8243; text_font=&#8221;font-958743&#8243; text_size=&#8221;fontsize-114661&#8243; css_animation=&#8221;right-t-left&#8221; animation_speed=&#8221;500&#8243; animation_delay=&#8221;500&#8243; uncode_shortcode_id=&#8221;149312&#8243; text_color_type=&#8221;uncode-palette&#8221;]Razvijte svoj potencijal u okru\u017eenju koje cijeni inovacije i poti\u010de rast![\/vc_custom_heading][\/vc_column][vc_column column_width_percent=&#8221;100&#8243; gutter_size=&#8221;3&#8243; back_image=&#8221;147241&#8243; kburns=&#8221;yes&#8221; overlay_alpha=&#8221;50&#8243; shift_x=&#8221;0&#8243; shift_y=&#8221;0&#8243; shift_y_down=&#8221;0&#8243; z_index=&#8221;0&#8243; medium_width=&#8221;0&#8243; mobile_width=&#8221;0&#8243; width=&#8221;2\/3&#8243; mobile_height=&#8221;340&#8243; uncode_shortcode_id=&#8221;104706&#8243; link_to=&#8221;url:https%3A%2F%2Fdev.netx.si%2Fhr%2Fo-metroniku%2Fstranica-za-odrzavanje%2F|title:Zaposlitev|&#8221;][\/vc_column][\/vc_row]<\/p>\n<\/div>","protected":false},"excerpt":{"rendered":"<p>[vc_row row_height_percent=&#8221;90&#8243; back_image=&#8221;142293&#8243; overlay_color=&#8221;color-crna&#8221; overlay_alpha=&#8221;40&#8243; gutter_size=&#8221;3&#8243; column_width_percent=&#8221;100&#8243; shift_y=&#8221;0&#8243; z_index=&#8221;0&#8243; uncode_shortcode_id=&#8221;932334&#8243; overlay_color_type=&#8221;uncode-palette&#8221; el_class=&#8221;hp-down-ikona-slider-parent&#8221;][vc_column column_width_percent=&#8221;100&#8243; position_horizontal=&#8221;left&#8221; position_vertical=&#8221;middle&#8221; gutter_size=&#8221;3&#8243; overlay_alpha=&#8221;50&#8243; shift_x=&#8221;0&#8243; shift_y=&#8221;0&#8243; shift_y_down=&#8221;0&#8243; [&hellip;]<\/p>\n","protected":false},"author":1,"featured_media":0,"parent":0,"menu_order":0,"comment_status":"closed","ping_status":"closed","template":"","meta":{"footnotes":""},"class_list":["post-147233","page","type-page","status-publish","hentry"],"yoast_head":"<!-- This site is optimized with the Yoast SEO plugin v27.1.1 - https:\/\/yoast.com\/product\/yoast-seo-wordpress\/ -->\n<title>Metronik - Pobolj\u0161ajte svoje procese<\/title>\n<meta name=\"description\" content=\"U Metroniku po\u0161tujemo va\u0161u privatnost i obvezujemo se \u0161tititi osobne podatke koje prikupljamo na temelju va\u0161e privole...\" \/>\n<meta name=\"robots\" content=\"index, follow, max-snippet:-1, max-image-preview:large, max-video-preview:-1\" \/>\n<link rel=\"canonical\" href=\"https:\/\/dev.netx.si\/hr\/\" \/>\n<meta property=\"og:locale\" content=\"hr_HR\" \/>\n<meta property=\"og:type\" content=\"article\" \/>\n<meta property=\"og:title\" content=\"Metronik - Pobolj\u0161ajte svoje procese\" \/>\n<meta property=\"og:description\" content=\"U Metroniku po\u0161tujemo va\u0161u privatnost i obvezujemo se \u0161tititi osobne podatke koje prikupljamo na temelju va\u0161e privole...\" \/>\n<meta property=\"og:url\" content=\"https:\/\/dev.netx.si\/hr\/\" \/>\n<meta property=\"og:site_name\" content=\"Metronik\" \/>\n<meta property=\"article:modified_time\" content=\"2026-03-31T10:49:51+00:00\" \/>\n<meta property=\"og:image\" content=\"https:\/\/dev.netx.si\/wp-content\/uploads\/2023\/12\/Metronik-Oprema_Naslovna-1024x427.jpg\" \/>\n<meta name=\"twitter:card\" content=\"summary_large_image\" \/>\n<meta name=\"twitter:label1\" content=\"Procijenjeno vrijeme \u010ditanja\" \/>\n\t<meta name=\"twitter:data1\" content=\"2 minute\" \/>\n<script type=\"application\/ld+json\" class=\"yoast-schema-graph\">{\"@context\":\"https:\/\/schema.org\",\"@graph\":[{\"@type\":\"WebPage\",\"@id\":\"https:\/\/dev.netx.si\/hr\/\",\"url\":\"https:\/\/dev.netx.si\/hr\/\",\"name\":\"Metronik - Pobolj\u0161ajte svoje procese\",\"isPartOf\":{\"@id\":\"https:\/\/dev.netx.si\/hr\/#website\"},\"datePublished\":\"2023-10-17T13:46:41+00:00\",\"dateModified\":\"2026-03-31T10:49:51+00:00\",\"description\":\"U Metroniku po\u0161tujemo va\u0161u privatnost i obvezujemo se \u0161tititi osobne podatke koje prikupljamo na temelju va\u0161e privole...\",\"breadcrumb\":{\"@id\":\"https:\/\/dev.netx.si\/hr\/#breadcrumb\"},\"inLanguage\":\"hr\",\"potentialAction\":[{\"@type\":\"ReadAction\",\"target\":[\"https:\/\/dev.netx.si\/hr\/\"]}]},{\"@type\":\"BreadcrumbList\",\"@id\":\"https:\/\/dev.netx.si\/hr\/#breadcrumb\",\"itemListElement\":[{\"@type\":\"ListItem\",\"position\":1,\"name\":\"Home\",\"item\":\"https:\/\/dev.netx.si\/hr\/stranica-za-odrzavanje-6\/\"},{\"@type\":\"ListItem\",\"position\":2,\"name\":\"Domov\"}]},{\"@type\":\"WebSite\",\"@id\":\"https:\/\/dev.netx.si\/hr\/#website\",\"url\":\"https:\/\/dev.netx.si\/hr\/\",\"name\":\"Metronik\",\"description\":\"Improve your processes\",\"potentialAction\":[{\"@type\":\"SearchAction\",\"target\":{\"@type\":\"EntryPoint\",\"urlTemplate\":\"https:\/\/dev.netx.si\/hr\/?s={search_term_string}\"},\"query-input\":{\"@type\":\"PropertyValueSpecification\",\"valueRequired\":true,\"valueName\":\"search_term_string\"}}],\"inLanguage\":\"hr\"}]}<\/script>\n<!-- \/ Yoast SEO plugin. -->","yoast_head_json":{"title":"Metronik - Pobolj\u0161ajte svoje procese","description":"U Metroniku po\u0161tujemo va\u0161u privatnost i obvezujemo se \u0161tititi osobne podatke koje prikupljamo na temelju va\u0161e privole...","robots":{"index":"index","follow":"follow","max-snippet":"max-snippet:-1","max-image-preview":"max-image-preview:large","max-video-preview":"max-video-preview:-1"},"canonical":"https:\/\/dev.netx.si\/hr\/","og_locale":"hr_HR","og_type":"article","og_title":"Metronik - Pobolj\u0161ajte svoje procese","og_description":"U Metroniku po\u0161tujemo va\u0161u privatnost i obvezujemo se \u0161tititi osobne podatke koje prikupljamo na temelju va\u0161e privole...","og_url":"https:\/\/dev.netx.si\/hr\/","og_site_name":"Metronik","article_modified_time":"2026-03-31T10:49:51+00:00","og_image":[{"url":"https:\/\/dev.netx.si\/wp-content\/uploads\/2023\/12\/Metronik-Oprema_Naslovna-1024x427.jpg","type":"","width":"","height":""}],"twitter_card":"summary_large_image","twitter_misc":{"Procijenjeno vrijeme \u010ditanja":"2 minute"},"schema":{"@context":"https:\/\/schema.org","@graph":[{"@type":"WebPage","@id":"https:\/\/dev.netx.si\/hr\/","url":"https:\/\/dev.netx.si\/hr\/","name":"Metronik - Pobolj\u0161ajte svoje procese","isPartOf":{"@id":"https:\/\/dev.netx.si\/hr\/#website"},"datePublished":"2023-10-17T13:46:41+00:00","dateModified":"2026-03-31T10:49:51+00:00","description":"U Metroniku po\u0161tujemo va\u0161u privatnost i obvezujemo se \u0161tititi osobne podatke koje prikupljamo na temelju va\u0161e privole...","breadcrumb":{"@id":"https:\/\/dev.netx.si\/hr\/#breadcrumb"},"inLanguage":"hr","potentialAction":[{"@type":"ReadAction","target":["https:\/\/dev.netx.si\/hr\/"]}]},{"@type":"BreadcrumbList","@id":"https:\/\/dev.netx.si\/hr\/#breadcrumb","itemListElement":[{"@type":"ListItem","position":1,"name":"Home","item":"https:\/\/dev.netx.si\/hr\/stranica-za-odrzavanje-6\/"},{"@type":"ListItem","position":2,"name":"Domov"}]},{"@type":"WebSite","@id":"https:\/\/dev.netx.si\/hr\/#website","url":"https:\/\/dev.netx.si\/hr\/","name":"Metronik","description":"Improve your processes","potentialAction":[{"@type":"SearchAction","target":{"@type":"EntryPoint","urlTemplate":"https:\/\/dev.netx.si\/hr\/?s={search_term_string}"},"query-input":{"@type":"PropertyValueSpecification","valueRequired":true,"valueName":"search_term_string"}}],"inLanguage":"hr"}]}},"_links":{"self":[{"href":"https:\/\/dev.netx.si\/hr\/wp-json\/wp\/v2\/pages\/147233","targetHints":{"allow":["GET"]}}],"collection":[{"href":"https:\/\/dev.netx.si\/hr\/wp-json\/wp\/v2\/pages"}],"about":[{"href":"https:\/\/dev.netx.si\/hr\/wp-json\/wp\/v2\/types\/page"}],"author":[{"embeddable":true,"href":"https:\/\/dev.netx.si\/hr\/wp-json\/wp\/v2\/users\/1"}],"replies":[{"embeddable":true,"href":"https:\/\/dev.netx.si\/hr\/wp-json\/wp\/v2\/comments?post=147233"}],"version-history":[{"count":20,"href":"https:\/\/dev.netx.si\/hr\/wp-json\/wp\/v2\/pages\/147233\/revisions"}],"predecessor-version":[{"id":150955,"href":"https:\/\/dev.netx.si\/hr\/wp-json\/wp\/v2\/pages\/147233\/revisions\/150955"}],"wp:attachment":[{"href":"https:\/\/dev.netx.si\/hr\/wp-json\/wp\/v2\/media?parent=147233"}],"curies":[{"name":"wp","href":"https:\/\/api.w.org\/{rel}","templated":true}]}}